{"id":271,"date":"2017-05-03T10:56:37","date_gmt":"2017-05-03T10:56:37","guid":{"rendered":"http:\/\/www.schellindustries.be\/?page_id=271\/"},"modified":"2017-05-03T10:57:38","modified_gmt":"2017-05-03T10:57:38","slug":"politique-de-confidentialite","status":"publish","type":"page","link":"https:\/\/www.schellindustries.be\/fr\/politique-de-confidentialite\/","title":{"rendered":"Politique de confidentialit\u00e9"},"content":{"rendered":"<p><strong>\u00a7 1 Donn\u00e9es \u00e0 caract\u00e8re personnel<\/strong><\/p>\n<p>Schell Industries assure la protection de vos donn\u00e9es \u00e0 caract\u00e8re personnel lorsque vous avez recours \u00e0 nos services. Nous assumons la responsabilit\u00e9 de toutes les donn\u00e9es \u00e0 caract\u00e8re personnel que vous nous communiquez ou que nous pouvons r\u00e9cup\u00e9rer dans les formulaires de contact compl\u00e9t\u00e9s sur notre\/nos site(s) web. Ces donn\u00e9es demeurent chez Schell Industries, Schell Industries B.V. agissant en qualit\u00e9 de partie responsable.<\/p>\n<p><strong>\u00a7 2 Utilisation des donn\u00e9es \u00e0 caract\u00e8re personnel<\/strong><\/p>\n<p>Lorsque vous nous communiquez vos donn\u00e9es \u00e0 caract\u00e8re personnel, vous nous autorisez \u00e0 les utiliser pour remplir nos obligations \u00e0 votre \u00e9gard et pour vous offrir le service que vous nous demandez. Cela concerne entre autres le traitement et l&rsquo;envoi de bulletins d&rsquo;information ainsi que l&rsquo;envoi d&rsquo;informations concernant nos nouveaux services et nos offres.<\/p>\n<p>Les donn\u00e9es \u00e0 caract\u00e8re personnel ne sont pas utilis\u00e9es \u00e0 d&rsquo;autres fins que celles susmentionn\u00e9es sans votre consentement libre et explicite.<\/p>\n<p>Toute autorisation d&rsquo;utilisation de vos donn\u00e9es personnelles peut \u00eatre retir\u00e9e \u00e0 tout moment avec effet imm\u00e9diat. Pour ce faire, vous devez envoyer un e-mail \u00e0 l&rsquo;adresse info@schellindustries.nl. Par donn\u00e9es \u00e0 caract\u00e8re personnel, nous entendons vos coordonn\u00e9es postales et votre adresse e-mail.<\/p>\n<p><strong>\u00a7 3 Utilisation de cookies et de Google Analytics<\/strong><\/p>\n<p>Ce site web utilise Google Analytics pour que nous puissions effectuer une analyse de votre visite sur notre site web. Pour ce faire, nous employons de petits fichiers textes, appel\u00e9s \u00ab\u00a0cookies\u00a0\u00bb, qui sont enregistr\u00e9s sur votre ordinateur lorsque vous visitez notre site web.<\/p>\n<p>Aucune donn\u00e9e \u00e0 caract\u00e8re personnel n&rsquo;est enregistr\u00e9e par l&rsquo;interm\u00e9diaire de notre site web. Les informations obtenues par Google Analytics concernant l&rsquo;utilisation de ce site web (dont notamment votre adresse IP) sont transf\u00e9r\u00e9es et sauvegard\u00e9es par les serveurs de Google Inc. en Am\u00e9rique. Google se sert de ces informations pour analyser l&rsquo;utilisation de ce site web. Ensuite, ces derni\u00e8res sont employ\u00e9es (de mani\u00e8re anonyme) pour g\u00e9n\u00e9rer des statistiques claires au sujet de ce site web. Votre adresse IP n&rsquo;est pas associ\u00e9e \u00e0 d&rsquo;autres donn\u00e9es de Google. Ces donn\u00e9es sont exclusivement utilis\u00e9es par Schell Industries pour r\u00e9aliser sa propre \u00e9tude de march\u00e9 et pour am\u00e9liorer son site web ainsi que l&rsquo;exp\u00e9rience des utilisateurs. Schell Industries ne partage aucunement ces donn\u00e9es avec des tiers.<\/p>\n<p>Pour de plus amples informations sur la politique de confidentialit\u00e9 de Google Analytics, nous vous renvoyons vers le site web de Google\u00a0: http:\/\/www.google.com\/analytics\/tos.html<\/p>\n<p><strong>\u00a7 4 Utilisation des donn\u00e9es<\/strong><\/p>\n<p>Schell Industries n&rsquo;enregistre aucune information personnelle vous concernant par l&rsquo;interm\u00e9diaire de ce site web \u2013 seules les informations que vous avez indiqu\u00e9es vous-m\u00eame sont conserv\u00e9es (par exemple par un formulaire de contact ou de r\u00e9action).<\/p>\n<p>Si vous souhaitez consulter ou modifier les donn\u00e9es que vous avez introduites et qui ont \u00e9t\u00e9 conserv\u00e9es par Schell Industries, veuillez nous en informer \u00e0 l&rsquo;adresse\u00a0: verzorgbed@schellindustries.nl (&gt; ins\u00e9rer le lien derri\u00e8re l&rsquo;adresse e-mail).<\/p>\n<p><strong>\u00a7 5 Droit d&rsquo;auteur<\/strong><\/p>\n<p>Le contenu de ce site web est enti\u00e8rement prot\u00e9g\u00e9 par le droit d&rsquo;auteur et est la propri\u00e9t\u00e9 de Schell Industries B.V.<\/p>\n<p><strong>\u00a7 6 Contact<\/strong><\/p>\n<p>Pour toute question, vous pouvez prendre contact avec l&rsquo;un de nos professionnels de la sant\u00e9 pendant les jours ouvr\u00e9s\u00a0:<\/p>\n<p>Adresse du si\u00e8ge social\u00a0: Witveldweg 26, 5951 AV BELFELD<\/p>\n<p>T\u00e9l\u00e9phone\u00a0: +31 (0)77 475 6000<\/p>\n<p>E-mail\u00a0: info@schellindustries.nl<\/p>\n<p><em>Politique de confidentialit\u00e9 r\u00e9dig\u00e9e en\u00a0: avril\u00a02017 (version\u00a01)<\/em><\/p>\n","protected":false},"excerpt":{"rendered":"<p>\u00a7 1 Donn\u00e9es \u00e0 caract\u00e8re personnel Schell Industries assure la protection de vos donn\u00e9es \u00e0 caract\u00e8re personnel lorsque vous avez recours \u00e0 nos services. Nous assumons la responsabilit\u00e9 de toutes les donn\u00e9es \u00e0 caract\u00e8re personnel que vous nous communiquez ou que nous pouvons r\u00e9cup\u00e9rer dans les formulaires de contact compl\u00e9t\u00e9s sur notre\/nos site(s) web. Ces [&hellip;]<\/p>\n","protected":false},"author":1,"featured_media":0,"parent":0,"menu_order":0,"comment_status":"closed","ping_status":"closed","template":"100-width.php","meta":{"footnotes":""},"class_list":["post-271","page","type-page","status-publish","hentry"],"_links":{"self":[{"href":"https:\/\/www.schellindustries.be\/fr\/wp-json\/wp\/v2\/pages\/271","targetHints":{"allow":["GET"]}}],"collection":[{"href":"https:\/\/www.schellindustries.be\/fr\/wp-json\/wp\/v2\/pages"}],"about":[{"href":"https:\/\/www.schellindustries.be\/fr\/wp-json\/wp\/v2\/types\/page"}],"author":[{"embeddable":true,"href":"https:\/\/www.schellindustries.be\/fr\/wp-json\/wp\/v2\/users\/1"}],"replies":[{"embeddable":true,"href":"https:\/\/www.schellindustries.be\/fr\/wp-json\/wp\/v2\/comments?post=271"}],"version-history":[{"count":2,"href":"https:\/\/www.schellindustries.be\/fr\/wp-json\/wp\/v2\/pages\/271\/revisions"}],"predecessor-version":[{"id":274,"href":"https:\/\/www.schellindustries.be\/fr\/wp-json\/wp\/v2\/pages\/271\/revisions\/274"}],"wp:attachment":[{"href":"https:\/\/www.schellindustries.be\/fr\/wp-json\/wp\/v2\/media?parent=271"}],"curies":[{"name":"wp","href":"https:\/\/api.w.org\/{rel}","templated":true}]}}