{"id":250,"date":"2017-05-03T10:29:28","date_gmt":"2017-05-03T10:29:28","guid":{"rendered":"http:\/\/www.schellindustries.be\/?page_id=250\/"},"modified":"2017-05-03T10:41:59","modified_gmt":"2017-05-03T10:41:59","slug":"notre-enterprise","status":"publish","type":"page","link":"https:\/\/www.schellindustries.be\/fr\/notre-enterprise\/","title":{"rendered":"Notre enterprise"},"content":{"rendered":"<p><div class=\"fusion-fullwidth fullwidth-box fusion-builder-row-1 nonhundred-percent-fullwidth non-hundred-percent-height-scrolling\" style=\"--awb-border-radius-top-left:0px;--awb-border-radius-top-right:0px;--awb-border-radius-bottom-right:0px;--awb-border-radius-bottom-left:0px;--awb-padding-top:20px;--awb-padding-bottom:20px;\" ><div class=\"fusion-builder-row fusion-row\"><div class=\"fusion-layout-column fusion_builder_column fusion-builder-column-0 fusion_builder_column_1_1 1_1 fusion-one-full fusion-column-first fusion-column-last\" style=\"--awb-bg-size:cover;\"><div class=\"fusion-column-wrapper fusion-flex-column-wrapper-legacy\"><div class=\"fusion-title title fusion-title-1 fusion-sep-none fusion-title-text fusion-title-size-one\"><h1 class=\"title-heading-left\" style=\"margin:0;\">Notre enterprise<\/h1><\/div><div class=\"fusion-clearfix\"><\/div><\/div><\/div><\/div><\/div><div class=\"fusion-fullwidth fullwidth-box fusion-builder-row-2 nonhundred-percent-fullwidth non-hundred-percent-height-scrolling\" style=\"--awb-border-radius-top-left:0px;--awb-border-radius-top-right:0px;--awb-border-radius-bottom-right:0px;--awb-border-radius-bottom-left:0px;--awb-padding-top:20px;--awb-padding-bottom:20px;\" ><div class=\"fusion-builder-row fusion-row\"><div class=\"fusion-layout-column fusion_builder_column fusion-builder-column-1 fusion_builder_column_1_2 1_2 fusion-one-half fusion-column-first\" style=\"--awb-bg-size:cover;width:50%;width:calc(50% - ( ( 4% ) * 0.5 ) );margin-right: 4%;\"><div class=\"fusion-column-wrapper fusion-flex-column-wrapper-legacy\"><div class=\"fusion-text fusion-text-1\"><div class=\"page\" title=\"Page 4\">\n<div class=\"layoutArea\">\n<div class=\"column\">\n<p style=\"text-align: justify;\">Schell Industries \u2013 Advice for comfort in care<\/p>\n<\/div>\n<\/div>\n<div class=\"layoutArea\" style=\"text-align: justify;\">\n<div class=\"column\">\n<p class=\"SC-standaard\"><span lang=\"FR\">Nous sommes Schell Industries. Depuis 1946, nous concevons, d\u00e9veloppons et produisons une large gamme de solutions int\u00e9gr\u00e9es qui garantissent une prise en charge optimale des patients et des personnes infirmes, dont notamment le lit d&rsquo;accouchement Venus de Bemag Schell Industries.<\/span><\/p>\n<p class=\"SC-standaard\"><span lang=\"FR\">Le lit d&rsquo;accouchement de votre choix peut \u00eatre r\u00e9alis\u00e9 dans diff\u00e9rentes formes, conform\u00e9ment \u00e0 vos souhaits et vos exigences en mati\u00e8re d&rsquo;ergonomie, de confort et de design. Plus de 350\u00a0lits d&rsquo;accouchement de Bemag Schell Industries sont d\u00e9j\u00e0 utilis\u00e9s dans la pratique.<\/span><\/p>\n<p class=\"SC-standaard\"><span lang=\"FR\">Le lit d&rsquo;accouchement Venus de Bemag Schell Industries est une conception suisse de haute pr\u00e9cision, fabriqu\u00e9e aux Pays-Bas avec un co\u00fbt total de possession de pr\u00e8s de 0. Schell Industries poss\u00e8de son propre service technique \u00e9tabli aux Pays-Bas, d&rsquo;o\u00f9 il r\u00e9agit directement. Toutes les pi\u00e8ces de nos produits sont disponibles de stock et peuvent \u00eatre livr\u00e9es directement.<\/span><\/p>\n<\/div>\n<\/div>\n<\/div>\n<\/div><div class=\"fusion-clearfix\"><\/div><\/div><\/div><div class=\"fusion-layout-column fusion_builder_column fusion-builder-column-2 fusion_builder_column_1_2 1_2 fusion-one-half fusion-column-last\" style=\"--awb-bg-size:cover;width:50%;width:calc(50% - ( ( 4% ) * 0.5 ) );\"><div class=\"fusion-column-wrapper fusion-flex-column-wrapper-legacy\"><div class=\"fusion-image-element in-legacy-container\" style=\"--awb-caption-title-font-family:var(--h2_typography-font-family);--awb-caption-title-font-weight:var(--h2_typography-font-weight);--awb-caption-title-font-style:var(--h2_typography-font-style);--awb-caption-title-size:var(--h2_typography-font-size);--awb-caption-title-transform:var(--h2_typography-text-transform);--awb-caption-title-line-height:var(--h2_typography-line-height);--awb-caption-title-letter-spacing:var(--h2_typography-letter-spacing);\"><span class=\" fusion-imageframe imageframe-none imageframe-1 hover-type-none\" class=\"image-magnify\" class=\"image-scroll\"><img decoding=\"async\" width=\"1024\" height=\"483\" title=\"gebouw-schell-industries-183-e1439387651520\" src=\"http:\/\/www.schellindustries.be\/wp-content\/uploads\/2016\/11\/Gebouw-Schell-Industries-183-e1439387651520-1024x483.jpg\" alt class=\"img-responsive wp-image-120\" srcset=\"https:\/\/www.schellindustries.be\/wp-content\/uploads\/2016\/11\/Gebouw-Schell-Industries-183-e1439387651520-200x94.jpg 200w, https:\/\/www.schellindustries.be\/wp-content\/uploads\/2016\/11\/Gebouw-Schell-Industries-183-e1439387651520-400x189.jpg 400w, https:\/\/www.schellindustries.be\/wp-content\/uploads\/2016\/11\/Gebouw-Schell-Industries-183-e1439387651520-600x283.jpg 600w, https:\/\/www.schellindustries.be\/wp-content\/uploads\/2016\/11\/Gebouw-Schell-Industries-183-e1439387651520-800x377.jpg 800w, https:\/\/www.schellindustries.be\/wp-content\/uploads\/2016\/11\/Gebouw-Schell-Industries-183-e1439387651520-1200x566.jpg 1200w, https:\/\/www.schellindustries.be\/wp-content\/uploads\/2016\/11\/Gebouw-Schell-Industries-183-e1439387651520.jpg 2457w\" sizes=\"(max-width: 800px) 100vw, 600px\" \/><\/span><\/div><div class=\"fusion-clearfix\"><\/div><\/div><\/div><\/div><\/div><div class=\"fusion-fullwidth fullwidth-box fusion-builder-row-3 hundred-percent-fullwidth non-hundred-percent-height-scrolling\" style=\"--awb-border-radius-top-left:0px;--awb-border-radius-top-right:0px;--awb-border-radius-bottom-right:0px;--awb-border-radius-bottom-left:0px;--awb-padding-top:20px;--awb-background-color:#d10019;\" ><div class=\"fusion-builder-row fusion-row\"><div class=\"fusion-layout-column fusion_builder_column fusion-builder-column-3 fusion_builder_column_1_1 1_1 fusion-one-full fusion-column-first fusion-column-last\" style=\"--awb-bg-color:rgba(209,0,25,0);--awb-bg-color-hover:rgba(209,0,25,0);--awb-bg-size:cover;--awb-margin-bottom:-30px;\"><div class=\"fusion-column-wrapper fusion-flex-column-wrapper-legacy\"><div class=\"fusion-text fusion-text-2\"><div class=\"page\" title=\"Page 4\">\n<div class=\"layoutArea\">\n<div class=\"column\">\n<h2 style=\"text-align: center;\"><span style=\"color: #ffffff;\">Vous avez des questions ou d\u00e9sirez en savoir plus\u00a0? Nous sommes \u00e0 votre disposition. Appelez-nous au +32 (0)14678188 ou envoyez-nous un e-mail<\/span><\/h2>\n<\/div>\n<\/div>\n<\/div>\n<\/div><div class=\"fusion-clearfix\"><\/div><\/div><\/div><div class=\"fusion-layout-column fusion_builder_column fusion-builder-column-4 fusion_builder_column_1_1 1_1 fusion-one-full fusion-column-first fusion-column-last\" style=\"--awb-bg-size:cover;\"><div class=\"fusion-column-wrapper fusion-flex-column-wrapper-legacy\"><div class=\"fusion-aligncenter\"><a class=\"fusion-button button-flat fusion-button-default-size button-custom fusion-button-default button-1 fusion-button-default-span fusion-button-default-type\" style=\"--button_accent_color:#ffffff;--button_accent_hover_color:#ffffff;--button_border_hover_color:#ffffff;--button_gradient_top_color:#747474;--button_gradient_bottom_color:#747474;--button_gradient_top_color_hover:#d10019;--button_gradient_bottom_color_hover:#d10019;\" target=\"_self\" href=\"http:\/\/www.schellindustries.be\/fr\/contact\/\"><i class=\" fa fa-phone button-icon-left\" aria-hidden=\"true\"><\/i><span class=\"fusion-button-text\">Prendre contact<\/span><\/a><\/div><div class=\"fusion-clearfix\"><\/div><\/div><\/div><\/div><\/div><\/p>\n","protected":false},"excerpt":{"rendered":"","protected":false},"author":1,"featured_media":0,"parent":0,"menu_order":0,"comment_status":"closed","ping_status":"closed","template":"100-width.php","meta":{"footnotes":""},"class_list":["post-250","page","type-page","status-publish","hentry"],"_links":{"self":[{"href":"https:\/\/www.schellindustries.be\/fr\/wp-json\/wp\/v2\/pages\/250","targetHints":{"allow":["GET"]}}],"collection":[{"href":"https:\/\/www.schellindustries.be\/fr\/wp-json\/wp\/v2\/pages"}],"about":[{"href":"https:\/\/www.schellindustries.be\/fr\/wp-json\/wp\/v2\/types\/page"}],"author":[{"embeddable":true,"href":"https:\/\/www.schellindustries.be\/fr\/wp-json\/wp\/v2\/users\/1"}],"replies":[{"embeddable":true,"href":"https:\/\/www.schellindustries.be\/fr\/wp-json\/wp\/v2\/comments?post=250"}],"version-history":[{"count":2,"href":"https:\/\/www.schellindustries.be\/fr\/wp-json\/wp\/v2\/pages\/250\/revisions"}],"predecessor-version":[{"id":252,"href":"https:\/\/www.schellindustries.be\/fr\/wp-json\/wp\/v2\/pages\/250\/revisions\/252"}],"wp:attachment":[{"href":"https:\/\/www.schellindustries.be\/fr\/wp-json\/wp\/v2\/media?parent=250"}],"curies":[{"name":"wp","href":"https:\/\/api.w.org\/{rel}","templated":true}]}}